{"id":233,"date":"2026-01-09T08:31:46","date_gmt":"2026-01-09T08:31:46","guid":{"rendered":"https:\/\/fredericvigouroux2026.fr\/?page_id=233"},"modified":"2026-01-27T07:59:45","modified_gmt":"2026-01-27T07:59:45","slug":"les-ateliers-thematiques","status":"publish","type":"page","link":"https:\/\/fredericvigouroux2026.fr\/?page_id=233","title":{"rendered":"Les ateliers th\u00e9matiques"},"content":{"rendered":"\n<figure class=\"wp-block-image size-large\"><img loading=\"lazy\" decoding=\"async\" width=\"724\" height=\"1024\" src=\"https:\/\/fredericvigouroux2026.fr\/wp-content\/uploads\/2026\/01\/V2-Invitation-citoyenne-\u2013-Ateliers-Thematiques-LM90_Page_1-724x1024.png\" alt=\"\" class=\"wp-image-243\" srcset=\"https:\/\/fredericvigouroux2026.fr\/wp-content\/uploads\/2026\/01\/V2-Invitation-citoyenne-\u2013-Ateliers-Thematiques-LM90_Page_1-724x1024.png 724w, https:\/\/fredericvigouroux2026.fr\/wp-content\/uploads\/2026\/01\/V2-Invitation-citoyenne-\u2013-Ateliers-Thematiques-LM90_Page_1-212x300.png 212w, https:\/\/fredericvigouroux2026.fr\/wp-content\/uploads\/2026\/01\/V2-Invitation-citoyenne-\u2013-Ateliers-Thematiques-LM90_Page_1-768x1086.png 768w, https:\/\/fredericvigouroux2026.fr\/wp-content\/uploads\/2026\/01\/V2-Invitation-citoyenne-\u2013-Ateliers-Thematiques-LM90_Page_1-1086x1536.png 1086w, https:\/\/fredericvigouroux2026.fr\/wp-content\/uploads\/2026\/01\/V2-Invitation-citoyenne-\u2013-Ateliers-Thematiques-LM90_Page_1-1448x2048.png 1448w, https:\/\/fredericvigouroux2026.fr\/wp-content\/uploads\/2026\/01\/V2-Invitation-citoyenne-\u2013-Ateliers-Thematiques-LM90_Page_1-scaled.png 1810w\" sizes=\"auto, (max-width: 724px) 100vw, 724px\" \/><\/figure>\n\n\n\n<p>Parce que l\u2019avenir de Ventabren se construit avec ses habitants, nous vous invitons \u00e0 participer \u00e0 plusieurs ateliers th\u00e9matiques ouverts \u00e0 toutes et tous de pr\u00e9f\u00e9rence sur inscription.&nbsp;<\/p>\n\n\n\n<p>Ces temps d\u2019\u00e9change et de travail collectif sont l\u2019occasion de partager vos id\u00e9es, vos priorit\u00e9s et vos propositions pour notre commune.<\/p>\n\n\n\n<p><strong>Ensemble, construisons Ventabren de demain.&nbsp;<\/strong><\/p>\n","protected":false},"excerpt":{"rendered":"<p>Parce que l\u2019avenir de Ventabren se construit avec ses habitants, nous vous invitons \u00e0 participer \u00e0 plusieurs ateliers th\u00e9matiques ouverts \u00e0 toutes et tous de pr\u00e9f\u00e9rence sur inscription.&nbsp; Ces temps d\u2019\u00e9change et de travail collectif sont l\u2019occasion de partager vos id\u00e9es, vos priorit\u00e9s et vos propositions pour notre commune. Ensemble, construisons Ventabren de demain.&nbsp;<\/p>\n","protected":false},"author":1,"featured_media":0,"parent":0,"menu_order":0,"comment_status":"closed","ping_status":"closed","template":"","meta":{"footnotes":""},"class_list":["post-233","page","type-page","status-publish","hentry"],"_links":{"self":[{"href":"https:\/\/fredericvigouroux2026.fr\/index.php?rest_route=\/wp\/v2\/pages\/233","targetHints":{"allow":["GET"]}}],"collection":[{"href":"https:\/\/fredericvigouroux2026.fr\/index.php?rest_route=\/wp\/v2\/pages"}],"about":[{"href":"https:\/\/fredericvigouroux2026.fr\/index.php?rest_route=\/wp\/v2\/types\/page"}],"author":[{"embeddable":true,"href":"https:\/\/fredericvigouroux2026.fr\/index.php?rest_route=\/wp\/v2\/users\/1"}],"replies":[{"embeddable":true,"href":"https:\/\/fredericvigouroux2026.fr\/index.php?rest_route=%2Fwp%2Fv2%2Fcomments&post=233"}],"version-history":[{"count":2,"href":"https:\/\/fredericvigouroux2026.fr\/index.php?rest_route=\/wp\/v2\/pages\/233\/revisions"}],"predecessor-version":[{"id":244,"href":"https:\/\/fredericvigouroux2026.fr\/index.php?rest_route=\/wp\/v2\/pages\/233\/revisions\/244"}],"wp:attachment":[{"href":"https:\/\/fredericvigouroux2026.fr\/index.php?rest_route=%2Fwp%2Fv2%2Fmedia&parent=233"}],"curies":[{"name":"wp","href":"https:\/\/api.w.org\/{rel}","templated":true}]}}