{"id":171,"date":"2025-12-10T11:15:38","date_gmt":"2025-12-10T11:15:38","guid":{"rendered":"https:\/\/fredericvigouroux2026.fr\/?page_id=171"},"modified":"2025-12-10T11:18:40","modified_gmt":"2025-12-10T11:18:40","slug":"bilan","status":"publish","type":"page","link":"https:\/\/fredericvigouroux2026.fr\/?page_id=171","title":{"rendered":"Bilan"},"content":{"rendered":"\n<figure class=\"wp-block-image size-large is-style-default\"><img loading=\"lazy\" decoding=\"async\" width=\"1024\" height=\"576\" src=\"https:\/\/fredericvigouroux2026.fr\/wp-content\/uploads\/2025\/12\/FVigouroux_Pres_PPT2_Page_1-1024x576.png\" alt=\"\" class=\"wp-image-172\" srcset=\"https:\/\/fredericvigouroux2026.fr\/wp-content\/uploads\/2025\/12\/FVigouroux_Pres_PPT2_Page_1-1024x576.png 1024w, https:\/\/fredericvigouroux2026.fr\/wp-content\/uploads\/2025\/12\/FVigouroux_Pres_PPT2_Page_1-300x169.png 300w, https:\/\/fredericvigouroux2026.fr\/wp-content\/uploads\/2025\/12\/FVigouroux_Pres_PPT2_Page_1-768x432.png 768w, https:\/\/fredericvigouroux2026.fr\/wp-content\/uploads\/2025\/12\/FVigouroux_Pres_PPT2_Page_1-1536x864.png 1536w, https:\/\/fredericvigouroux2026.fr\/wp-content\/uploads\/2025\/12\/FVigouroux_Pres_PPT2_Page_1-2048x1152.png 2048w\" sizes=\"auto, (max-width: 1024px) 100vw, 1024px\" \/><\/figure>\n\n\n\n<figure class=\"wp-block-image size-large\"><img loading=\"lazy\" decoding=\"async\" width=\"1024\" height=\"569\" src=\"https:\/\/fredericvigouroux2026.fr\/wp-content\/uploads\/2025\/12\/FVigouroux_Pres_PPT2_Page_2-1024x569.png\" alt=\"\" class=\"wp-image-173\" srcset=\"https:\/\/fredericvigouroux2026.fr\/wp-content\/uploads\/2025\/12\/FVigouroux_Pres_PPT2_Page_2-1024x569.png 1024w, https:\/\/fredericvigouroux2026.fr\/wp-content\/uploads\/2025\/12\/FVigouroux_Pres_PPT2_Page_2-300x167.png 300w, https:\/\/fredericvigouroux2026.fr\/wp-content\/uploads\/2025\/12\/FVigouroux_Pres_PPT2_Page_2-768x427.png 768w, https:\/\/fredericvigouroux2026.fr\/wp-content\/uploads\/2025\/12\/FVigouroux_Pres_PPT2_Page_2.png 1160w\" sizes=\"auto, (max-width: 1024px) 100vw, 1024px\" \/><\/figure>\n\n\n\n<figure class=\"wp-block-image size-large\"><a href=\"https:\/\/fredericvigouroux2026.fr\/?attachment_id=174\"><img loading=\"lazy\" decoding=\"async\" width=\"1024\" height=\"576\" src=\"https:\/\/fredericvigouroux2026.fr\/wp-content\/uploads\/2025\/12\/FVigouroux_Pres_PPT2_Page_3-1024x576.png\" alt=\"\" class=\"wp-image-174\" srcset=\"https:\/\/fredericvigouroux2026.fr\/wp-content\/uploads\/2025\/12\/FVigouroux_Pres_PPT2_Page_3-1024x576.png 1024w, https:\/\/fredericvigouroux2026.fr\/wp-content\/uploads\/2025\/12\/FVigouroux_Pres_PPT2_Page_3-300x169.png 300w, https:\/\/fredericvigouroux2026.fr\/wp-content\/uploads\/2025\/12\/FVigouroux_Pres_PPT2_Page_3-768x432.png 768w, https:\/\/fredericvigouroux2026.fr\/wp-content\/uploads\/2025\/12\/FVigouroux_Pres_PPT2_Page_3-1536x864.png 1536w, https:\/\/fredericvigouroux2026.fr\/wp-content\/uploads\/2025\/12\/FVigouroux_Pres_PPT2_Page_3-2048x1152.png 2048w\" sizes=\"auto, (max-width: 1024px) 100vw, 1024px\" \/><\/a><\/figure>\n\n\n\n<figure class=\"wp-block-image size-large\"><a href=\"https:\/\/fredericvigouroux2026.fr\/?attachment_id=175\"><img loading=\"lazy\" decoding=\"async\" width=\"1024\" height=\"576\" src=\"https:\/\/fredericvigouroux2026.fr\/wp-content\/uploads\/2025\/12\/FVigouroux_Pres_PPT2_Page_4-1024x576.png\" alt=\"\" class=\"wp-image-175\" srcset=\"https:\/\/fredericvigouroux2026.fr\/wp-content\/uploads\/2025\/12\/FVigouroux_Pres_PPT2_Page_4-1024x576.png 1024w, https:\/\/fredericvigouroux2026.fr\/wp-content\/uploads\/2025\/12\/FVigouroux_Pres_PPT2_Page_4-300x169.png 300w, https:\/\/fredericvigouroux2026.fr\/wp-content\/uploads\/2025\/12\/FVigouroux_Pres_PPT2_Page_4-768x432.png 768w, https:\/\/fredericvigouroux2026.fr\/wp-content\/uploads\/2025\/12\/FVigouroux_Pres_PPT2_Page_4-1536x864.png 1536w, https:\/\/fredericvigouroux2026.fr\/wp-content\/uploads\/2025\/12\/FVigouroux_Pres_PPT2_Page_4-2048x1152.png 2048w\" sizes=\"auto, (max-width: 1024px) 100vw, 1024px\" \/><\/a><\/figure>\n\n\n\n<div class=\"wp-block-buttons alignwide is-content-justification-center is-layout-flex wp-container-core-buttons-is-layout-a89b3969 wp-block-buttons-is-layout-flex\">\n<div class=\"wp-block-button is-style-outline is-style-outline--1\"><a class=\"wp-block-button__link wp-element-button\" href=\"https:\/\/fredericvigouroux2026.fr\/wp-content\/uploads\/2025\/12\/FVigouroux_Pres_PPT2.pdf\">D\u00e9couvrir l&rsquo;int\u00e9gralit\u00e9 du bilan<\/a><\/div>\n<\/div>\n","protected":false},"excerpt":{"rendered":"","protected":false},"author":1,"featured_media":0,"parent":0,"menu_order":0,"comment_status":"closed","ping_status":"closed","template":"","meta":{"footnotes":""},"class_list":["post-171","page","type-page","status-publish","hentry"],"_links":{"self":[{"href":"https:\/\/fredericvigouroux2026.fr\/index.php?rest_route=\/wp\/v2\/pages\/171","targetHints":{"allow":["GET"]}}],"collection":[{"href":"https:\/\/fredericvigouroux2026.fr\/index.php?rest_route=\/wp\/v2\/pages"}],"about":[{"href":"https:\/\/fredericvigouroux2026.fr\/index.php?rest_route=\/wp\/v2\/types\/page"}],"author":[{"embeddable":true,"href":"https:\/\/fredericvigouroux2026.fr\/index.php?rest_route=\/wp\/v2\/users\/1"}],"replies":[{"embeddable":true,"href":"https:\/\/fredericvigouroux2026.fr\/index.php?rest_route=%2Fwp%2Fv2%2Fcomments&post=171"}],"version-history":[{"count":3,"href":"https:\/\/fredericvigouroux2026.fr\/index.php?rest_route=\/wp\/v2\/pages\/171\/revisions"}],"predecessor-version":[{"id":179,"href":"https:\/\/fredericvigouroux2026.fr\/index.php?rest_route=\/wp\/v2\/pages\/171\/revisions\/179"}],"wp:attachment":[{"href":"https:\/\/fredericvigouroux2026.fr\/index.php?rest_route=%2Fwp%2Fv2%2Fmedia&parent=171"}],"curies":[{"name":"wp","href":"https:\/\/api.w.org\/{rel}","templated":true}]}}