{"id":156,"date":"2025-12-05T11:12:35","date_gmt":"2025-12-05T11:12:35","guid":{"rendered":"https:\/\/fredericvigouroux2026.fr\/?page_id=156"},"modified":"2025-12-17T13:18:56","modified_gmt":"2025-12-17T13:18:56","slug":"a-propos","status":"publish","type":"page","link":"https:\/\/fredericvigouroux2026.fr\/?page_id=156","title":{"rendered":"\u00c0 propos, Fr\u00e9d\u00e9ric Vigouroux"},"content":{"rendered":"\n<p class=\"has-text-align-left is-style-default\">Ventabren occupe une place toute particuli\u00e8re dans mon c\u0153ur. <\/p>\n\n\n\n<p class=\"has-text-align-left is-style-default\">Mes grands-parents y ont v\u00e9cu, mes parents y vivent encore, et j\u2019ai aujourd\u2019hui le privil\u00e8ge de poursuivre cette histoire familiale en r\u00e9sidant dans la maison de mes grands-parents. C\u2019est ici que j\u2019ai \u00e9lev\u00e9 mes enfants. Ce lien intime et profond\u00e9ment ancr\u00e9 avec notre village nourrit chaque jour mon engagement.<\/p>\n\n\n\n<p class=\"has-text-align-left\">Mon parcours professionnel a \u00e9t\u00e9 riche et diversifi\u00e9. Pendant huit ans, j\u2019ai travaill\u00e9 dans le secteur priv\u00e9 \u00e0 l\u2019international : en Suisse, aux \u00c9tats-Unis, puis \u00e0 Paris. Ces exp\u00e9riences m\u2019ont apport\u00e9 une vision globale et des comp\u00e9tences solides acquises dans des environnements exigeants.<\/p>\n\n\n\n<p class=\"has-text-align-left\">Depuis plus de 25 ans, j\u2019ai choisi de mettre cette expertise au service des territoires. D\u2019abord \u00e0 Vitrolles, puis \u00e0 Salon-de-Provence depuis douze ans en tant que Directeur G\u00e9n\u00e9ral des Services, o\u00f9 je dirige au quotidien pr\u00e8s de 1 200 agents. Ces responsabilit\u00e9s me permettent de contribuer concr\u00e8tement \u00e0 la gestion et au d\u00e9veloppement des collectivit\u00e9s.<\/p>\n\n\n\n<p class=\"has-text-align-left\">Aujourd\u2019hui, je mets toute cette exp\u00e9rience au service de Ventabren. Profond\u00e9ment attach\u00e9 \u00e0 notre patrimoine, \u00e0 notre qualit\u00e9 de vie et \u00e0 l\u2019avenir de notre commune, je m\u2019engage pleinement pour contribuer \u00e0 son dynamisme et \u00e0 son \u00e9panouissement.<\/p>\n\n\n\n<p>\u00c9lu en 2020 comme premier adjoint, en pleine crise sanitaire, j\u2019ai v\u00e9cu un v\u00e9ritable moment de bascule. Cette p\u00e9riode de confinements successifs m\u2019a rappel\u00e9 la fragilit\u00e9 de notre soci\u00e9t\u00e9 et a renforc\u00e9 ma volont\u00e9 d\u2019agir davantage pour notre village.<\/p>\n\n\n\n<p>Depuis 2022, j\u2019ai mis en place des commissions extra-municipales rassemblant \u00e9lus, services et habitants, favorisant ainsi une gouvernance ouverte, collaborative et apolitique.<\/p>\n\n\n\n<p>Dans cette m\u00eame dynamique, nous lan\u00e7ons aujourd\u2019hui des ateliers th\u00e9matiques ouverts \u00e0 tous, afin de vous permettre d\u2019exprimer vos id\u00e9es, de partager vos attentes et de vous impliquer pleinement dans la vie de notre commune.&nbsp;<\/p>\n\n\n\n<figure class=\"wp-block-image size-large\"><img loading=\"lazy\" decoding=\"async\" width=\"840\" height=\"1024\" src=\"https:\/\/fredericvigouroux2026.fr\/wp-content\/uploads\/2025\/12\/Extrait-dans-la-Provence-13-decembre-2025-840x1024.jpg\" alt=\"\" class=\"wp-image-206\" srcset=\"https:\/\/fredericvigouroux2026.fr\/wp-content\/uploads\/2025\/12\/Extrait-dans-la-Provence-13-decembre-2025-840x1024.jpg 840w, https:\/\/fredericvigouroux2026.fr\/wp-content\/uploads\/2025\/12\/Extrait-dans-la-Provence-13-decembre-2025-246x300.jpg 246w, https:\/\/fredericvigouroux2026.fr\/wp-content\/uploads\/2025\/12\/Extrait-dans-la-Provence-13-decembre-2025-768x937.jpg 768w, https:\/\/fredericvigouroux2026.fr\/wp-content\/uploads\/2025\/12\/Extrait-dans-la-Provence-13-decembre-2025.jpg 1170w\" sizes=\"auto, (max-width: 840px) 100vw, 840px\" \/><\/figure>\n","protected":false},"excerpt":{"rendered":"<p>Ventabren occupe une place toute particuli\u00e8re dans mon c\u0153ur. Mes grands-parents y ont v\u00e9cu, mes parents y vivent encore, et j\u2019ai aujourd\u2019hui le privil\u00e8ge de poursuivre cette histoire familiale en r\u00e9sidant dans la maison de mes grands-parents. C\u2019est ici que j\u2019ai \u00e9lev\u00e9 mes enfants. Ce lien intime et profond\u00e9ment ancr\u00e9 avec notre village nourrit chaque [&hellip;]<\/p>\n","protected":false},"author":1,"featured_media":0,"parent":0,"menu_order":0,"comment_status":"closed","ping_status":"closed","template":"","meta":{"footnotes":""},"class_list":["post-156","page","type-page","status-publish","hentry"],"_links":{"self":[{"href":"https:\/\/fredericvigouroux2026.fr\/index.php?rest_route=\/wp\/v2\/pages\/156","targetHints":{"allow":["GET"]}}],"collection":[{"href":"https:\/\/fredericvigouroux2026.fr\/index.php?rest_route=\/wp\/v2\/pages"}],"about":[{"href":"https:\/\/fredericvigouroux2026.fr\/index.php?rest_route=\/wp\/v2\/types\/page"}],"author":[{"embeddable":true,"href":"https:\/\/fredericvigouroux2026.fr\/index.php?rest_route=\/wp\/v2\/users\/1"}],"replies":[{"embeddable":true,"href":"https:\/\/fredericvigouroux2026.fr\/index.php?rest_route=%2Fwp%2Fv2%2Fcomments&post=156"}],"version-history":[{"count":3,"href":"https:\/\/fredericvigouroux2026.fr\/index.php?rest_route=\/wp\/v2\/pages\/156\/revisions"}],"predecessor-version":[{"id":207,"href":"https:\/\/fredericvigouroux2026.fr\/index.php?rest_route=\/wp\/v2\/pages\/156\/revisions\/207"}],"wp:attachment":[{"href":"https:\/\/fredericvigouroux2026.fr\/index.php?rest_route=%2Fwp%2Fv2%2Fmedia&parent=156"}],"curies":[{"name":"wp","href":"https:\/\/api.w.org\/{rel}","templated":true}]}}