{"id":138,"date":"2025-12-03T19:50:16","date_gmt":"2025-12-03T19:50:16","guid":{"rendered":"https:\/\/fredericvigouroux2026.fr\/?page_id=138"},"modified":"2026-02-10T09:03:27","modified_gmt":"2026-02-10T09:03:27","slug":"lequipe","status":"publish","type":"page","link":"https:\/\/fredericvigouroux2026.fr\/?page_id=138","title":{"rendered":"L&rsquo;\u00e9quipe"},"content":{"rendered":"\n<p style=\"margin-right:var(--wp--preset--spacing--30);margin-left:var(--wp--preset--spacing--30)\">Ce site internet v\u00e9ritable outil vivant et \u00e9volutif, s\u2019\u00e9toffera progressivement de nouvelles rubriques&nbsp;: portraits de colistiers et divers contenus destin\u00e9s \u00e0 mieux vous informer.&nbsp;<\/p>\n\n\n\n<p style=\"margin-right:var(--wp--preset--spacing--30);margin-left:var(--wp--preset--spacing--30)\">Le programme sera \u00e9galement d\u00e9voil\u00e9 \u00e9tape par \u00e9tape afin de vous permettre de suivre son \u00e9laboration et d\u2019en d\u00e9couvrir chaque composante.&nbsp;<\/p>\n\n\n\n<p style=\"margin-right:var(--wp--preset--spacing--30);margin-left:var(--wp--preset--spacing--30)\">Les prochaines informations arriveront bient\u00f4t&nbsp;!<\/p>\n\n\n<div style=\"text-align: center;\">\n  <iframe loading=\"lazy\" width=\"560\" height=\"315\"\n    src=\"https:\/\/www.youtube.com\/embed\/4pHG_gXdhZQ?si=qsoXRTJHCrfOc5tU\"\n    title=\"YouTube video player\"\n    frameborder=\"0\"\n    allow=\"accelerometer; autoplay; clipboard-write; encrypted-media; gyroscope; picture-in-picture; web-share\"\n    referrerpolicy=\"strict-origin-when-cross-origin\"\n    allowfullscreen>\n  <\/iframe>\n<\/div>\n\n<div style=\"text-align: center;\">\n  <iframe loading=\"lazy\" width=\"560\" height=\"315\"\n    src=\"https:\/\/www.youtube.com\/embed\/2EdX1Hp--KY\"\n    title=\"YouTube video player\"\n    frameborder=\"0\"\n    allow=\"accelerometer; autoplay; clipboard-write; encrypted-media; gyroscope; picture-in-picture; web-share\"\n    allowfullscreen>\n  <\/iframe>\n<\/div>\n\n\n<figure class=\"wp-block-image size-large\"><img loading=\"lazy\" decoding=\"async\" width=\"1024\" height=\"683\" src=\"https:\/\/fredericvigouroux2026.fr\/wp-content\/uploads\/2026\/01\/PHOTO-DE-GROUPE-150126-1024x683.png\" alt=\"\" class=\"wp-image-240\" srcset=\"https:\/\/fredericvigouroux2026.fr\/wp-content\/uploads\/2026\/01\/PHOTO-DE-GROUPE-150126-1024x683.png 1024w, https:\/\/fredericvigouroux2026.fr\/wp-content\/uploads\/2026\/01\/PHOTO-DE-GROUPE-150126-300x200.png 300w, https:\/\/fredericvigouroux2026.fr\/wp-content\/uploads\/2026\/01\/PHOTO-DE-GROUPE-150126-768x512.png 768w, https:\/\/fredericvigouroux2026.fr\/wp-content\/uploads\/2026\/01\/PHOTO-DE-GROUPE-150126-1536x1024.png 1536w, https:\/\/fredericvigouroux2026.fr\/wp-content\/uploads\/2026\/01\/PHOTO-DE-GROUPE-150126.png 1920w\" sizes=\"auto, (max-width: 1024px) 100vw, 1024px\" \/><\/figure>\n\n\n\n<ul class=\"wp-block-social-links has-large-icon-size has-visible-labels is-content-justification-center is-layout-flex wp-container-core-social-links-is-layout-a89b3969 wp-block-social-links-is-layout-flex\"><li class=\"wp-social-link wp-social-link-facebook  wp-block-social-link\"><a href=\"https:\/\/www.facebook.com\/profile.php?id=61583423467415\" class=\"wp-block-social-link-anchor\"><svg width=\"24\" height=\"24\" viewBox=\"0 0 24 24\" version=\"1.1\" xmlns=\"http:\/\/www.w3.org\/2000\/svg\" aria-hidden=\"true\" focusable=\"false\"><path d=\"M12 2C6.5 2 2 6.5 2 12c0 5 3.7 9.1 8.4 9.9v-7H7.9V12h2.5V9.8c0-2.5 1.5-3.9 3.8-3.9 1.1 0 2.2.2 2.2.2v2.5h-1.3c-1.2 0-1.6.8-1.6 1.6V12h2.8l-.4 2.9h-2.3v7C18.3 21.1 22 17 22 12c0-5.5-4.5-10-10-10z\"><\/path><\/svg><span class=\"wp-block-social-link-label\">D\u00e9couvrir la pr\u00e9sentation de notre \u00e9quipe en vid\u00e9o !<\/span><\/a><\/li><\/ul>\n","protected":false},"excerpt":{"rendered":"<p>Ce site internet v\u00e9ritable outil vivant et \u00e9volutif, s\u2019\u00e9toffera progressivement de nouvelles rubriques&nbsp;: portraits de colistiers et divers contenus destin\u00e9s \u00e0 mieux vous informer.&nbsp; Le programme sera \u00e9galement d\u00e9voil\u00e9 \u00e9tape par \u00e9tape afin de vous permettre de suivre son \u00e9laboration et d\u2019en d\u00e9couvrir chaque composante.&nbsp; Les prochaines informations arriveront bient\u00f4t&nbsp;!<\/p>\n","protected":false},"author":1,"featured_media":0,"parent":0,"menu_order":0,"comment_status":"closed","ping_status":"closed","template":"","meta":{"footnotes":""},"class_list":["post-138","page","type-page","status-publish","hentry"],"_links":{"self":[{"href":"https:\/\/fredericvigouroux2026.fr\/index.php?rest_route=\/wp\/v2\/pages\/138","targetHints":{"allow":["GET"]}}],"collection":[{"href":"https:\/\/fredericvigouroux2026.fr\/index.php?rest_route=\/wp\/v2\/pages"}],"about":[{"href":"https:\/\/fredericvigouroux2026.fr\/index.php?rest_route=\/wp\/v2\/types\/page"}],"author":[{"embeddable":true,"href":"https:\/\/fredericvigouroux2026.fr\/index.php?rest_route=\/wp\/v2\/users\/1"}],"replies":[{"embeddable":true,"href":"https:\/\/fredericvigouroux2026.fr\/index.php?rest_route=%2Fwp%2Fv2%2Fcomments&post=138"}],"version-history":[{"count":18,"href":"https:\/\/fredericvigouroux2026.fr\/index.php?rest_route=\/wp\/v2\/pages\/138\/revisions"}],"predecessor-version":[{"id":267,"href":"https:\/\/fredericvigouroux2026.fr\/index.php?rest_route=\/wp\/v2\/pages\/138\/revisions\/267"}],"wp:attachment":[{"href":"https:\/\/fredericvigouroux2026.fr\/index.php?rest_route=%2Fwp%2Fv2%2Fmedia&parent=138"}],"curies":[{"name":"wp","href":"https:\/\/api.w.org\/{rel}","templated":true}]}}