{"id":131,"date":"2025-12-03T19:46:36","date_gmt":"2025-12-03T19:46:36","guid":{"rendered":"https:\/\/fredericvigouroux2026.fr\/?page_id=131"},"modified":"2025-12-03T19:46:36","modified_gmt":"2025-12-03T19:46:36","slug":"lettre-de-candidature","status":"publish","type":"page","link":"https:\/\/fredericvigouroux2026.fr\/?page_id=131","title":{"rendered":"Lettre de candidature"},"content":{"rendered":"\n<figure class=\"wp-block-gallery alignwide has-nested-images columns-default is-cropped wp-block-gallery-1 is-layout-flex wp-block-gallery-is-layout-flex\">\n<figure class=\"wp-block-image size-full\"><img loading=\"lazy\" decoding=\"async\" width=\"595\" height=\"842\" data-id=\"98\" src=\"https:\/\/fredericvigouroux2026.fr\/wp-content\/uploads\/2025\/11\/FV_Depliant-420x297_HD-Page-1-1.png\" alt=\"\" class=\"wp-image-98\" srcset=\"https:\/\/fredericvigouroux2026.fr\/wp-content\/uploads\/2025\/11\/FV_Depliant-420x297_HD-Page-1-1.png 595w, https:\/\/fredericvigouroux2026.fr\/wp-content\/uploads\/2025\/11\/FV_Depliant-420x297_HD-Page-1-1-212x300.png 212w\" sizes=\"auto, (max-width: 595px) 100vw, 595px\" \/><\/figure>\n\n\n\n<figure class=\"wp-block-image size-large\"><img loading=\"lazy\" decoding=\"async\" width=\"595\" height=\"842\" data-id=\"95\" src=\"https:\/\/fredericvigouroux2026.fr\/wp-content\/uploads\/2025\/11\/FV_Depliant-420x297_HD-Page-2-1.png\" alt=\"\" class=\"wp-image-95\" srcset=\"https:\/\/fredericvigouroux2026.fr\/wp-content\/uploads\/2025\/11\/FV_Depliant-420x297_HD-Page-2-1.png 595w, https:\/\/fredericvigouroux2026.fr\/wp-content\/uploads\/2025\/11\/FV_Depliant-420x297_HD-Page-2-1-212x300.png 212w\" sizes=\"auto, (max-width: 595px) 100vw, 595px\" \/><\/figure>\n<\/figure>\n\n\n\n<figure class=\"wp-block-gallery alignwide has-nested-images columns-default is-cropped wp-block-gallery-2 is-layout-flex wp-block-gallery-is-layout-flex\">\n<figure class=\"wp-block-image size-full\"><img loading=\"lazy\" decoding=\"async\" width=\"595\" height=\"842\" data-id=\"100\" src=\"https:\/\/fredericvigouroux2026.fr\/wp-content\/uploads\/2025\/11\/FV_Depliant-420x297_HD-Page-3-2.png\" alt=\"\" class=\"wp-image-100\" srcset=\"https:\/\/fredericvigouroux2026.fr\/wp-content\/uploads\/2025\/11\/FV_Depliant-420x297_HD-Page-3-2.png 595w, https:\/\/fredericvigouroux2026.fr\/wp-content\/uploads\/2025\/11\/FV_Depliant-420x297_HD-Page-3-2-212x300.png 212w\" sizes=\"auto, (max-width: 595px) 100vw, 595px\" \/><\/figure>\n\n\n\n<figure class=\"wp-block-image size-full\"><img loading=\"lazy\" decoding=\"async\" width=\"595\" height=\"842\" data-id=\"99\" src=\"https:\/\/fredericvigouroux2026.fr\/wp-content\/uploads\/2025\/11\/FV_Depliant-420x297_HD-Page-4-2.png\" alt=\"\" class=\"wp-image-99\" srcset=\"https:\/\/fredericvigouroux2026.fr\/wp-content\/uploads\/2025\/11\/FV_Depliant-420x297_HD-Page-4-2.png 595w, https:\/\/fredericvigouroux2026.fr\/wp-content\/uploads\/2025\/11\/FV_Depliant-420x297_HD-Page-4-2-212x300.png 212w\" sizes=\"auto, (max-width: 595px) 100vw, 595px\" \/><\/figure>\n<\/figure>\n\n\n\n<div class=\"wp-block-buttons alignwide is-content-justification-center is-layout-flex wp-container-core-buttons-is-layout-a89b3969 wp-block-buttons-is-layout-flex\">\n<div class=\"wp-block-button has-custom-width wp-block-button__width-100 is-style-outline is-style-outline--3\"><a class=\"wp-block-button__link has-x-large-font-size has-custom-font-size wp-element-button\" href=\"https:\/\/fredericvigouroux2026.fr\/wp-content\/uploads\/2025\/11\/FV_Depliant-420x297_BD-PagePage-1.pdf\"><strong>D\u00e9couvrir la lettre dans son int\u00e9gralit\u00e9<\/strong><\/a><\/div>\n<\/div>\n","protected":false},"excerpt":{"rendered":"","protected":false},"author":1,"featured_media":0,"parent":0,"menu_order":0,"comment_status":"closed","ping_status":"closed","template":"","meta":{"footnotes":""},"class_list":["post-131","page","type-page","status-publish","hentry"],"_links":{"self":[{"href":"https:\/\/fredericvigouroux2026.fr\/index.php?rest_route=\/wp\/v2\/pages\/131","targetHints":{"allow":["GET"]}}],"collection":[{"href":"https:\/\/fredericvigouroux2026.fr\/index.php?rest_route=\/wp\/v2\/pages"}],"about":[{"href":"https:\/\/fredericvigouroux2026.fr\/index.php?rest_route=\/wp\/v2\/types\/page"}],"author":[{"embeddable":true,"href":"https:\/\/fredericvigouroux2026.fr\/index.php?rest_route=\/wp\/v2\/users\/1"}],"replies":[{"embeddable":true,"href":"https:\/\/fredericvigouroux2026.fr\/index.php?rest_route=%2Fwp%2Fv2%2Fcomments&post=131"}],"version-history":[{"count":2,"href":"https:\/\/fredericvigouroux2026.fr\/index.php?rest_route=\/wp\/v2\/pages\/131\/revisions"}],"predecessor-version":[{"id":133,"href":"https:\/\/fredericvigouroux2026.fr\/index.php?rest_route=\/wp\/v2\/pages\/131\/revisions\/133"}],"wp:attachment":[{"href":"https:\/\/fredericvigouroux2026.fr\/index.php?rest_route=%2Fwp%2Fv2%2Fmedia&parent=131"}],"curies":[{"name":"wp","href":"https:\/\/api.w.org\/{rel}","templated":true}]}}